{"id":5219,"date":"2023-12-28T18:18:55","date_gmt":"2023-12-28T16:18:55","guid":{"rendered":"https:\/\/www.ferraramacchine.com\/?post_type=product&#038;p=5219"},"modified":"2024-11-14T11:24:29","modified_gmt":"2024-11-14T09:24:29","slug":"taglierina-pomodori-automatica-mod-tpa-3","status":"publish","type":"product","link":"https:\/\/www.ferraramacchine.com\/en\/product\/taglierina-pomodori-automatica-mod-tpa-3\/","title":{"rendered":"<h6>AUTOMATIC TOMATOES CUTTING MACHINE<\/h6> Mod. TPA 3"},"content":{"rendered":"<div data-elementor-type=\"product-post\" data-elementor-id=\"5219\" class=\"elementor elementor-5219\" data-elementor-post-type=\"product\">\n\t\t\t\t\t\t<section class=\"elementor-section elementor-top-section elementor-element elementor-element-382a355 elementor-section-full_width elementor-section-height-default elementor-section-height-default\" data-id=\"382a355\" data-element_type=\"section\" data-settings=\"{&quot;ekit_has_onepagescroll_dot&quot;:&quot;yes&quot;}\">\n\t\t\t\t\t\t<div class=\"elementor-container elementor-column-gap-no\">\n\t\t\t\t\t<div class=\"elementor-column elementor-col-100 elementor-top-column elementor-element elementor-element-cc62ac4\" data-id=\"cc62ac4\" data-element_type=\"column\">\n\t\t\t<div class=\"elementor-widget-wrap elementor-element-populated\">\n\t\t\t\t\t\t<div class=\"elementor-element elementor-element-51b99fc elementor-widget elementor-widget-text-editor\" data-id=\"51b99fc\" data-element_type=\"widget\" data-settings=\"{&quot;ekit_we_effect_on&quot;:&quot;none&quot;}\" data-widget_type=\"text-editor.default\">\n\t\t\t\t<div class=\"elementor-widget-container\">\n\t\t\t\t\t\t\t\t\t<p><strong>Description<\/strong><\/p><p>The tomatoes cutting machine Mod. TPA 3 is suitable to get slices or halves from long or round tomatoes.<\/p><p>The machine is equipped with:<\/p><ul><li>Feed elevator with vat for loaded in bulk<\/li><li>3 lanes for allignment of product to the cutting machine<\/li><li>3 cutting equipments with 4 or 2 blades in accordance to the final product that permit to get a perfect cut<\/li><\/ul>\t\t\t\t\t\t\t\t<\/div>\n\t\t\t\t<\/div>\n\t\t\t\t\t<\/div>\n\t\t<\/div>\n\t\t\t\t\t<\/div>\n\t\t<\/section>\n\t\t\t\t<section class=\"elementor-section elementor-top-section elementor-element elementor-element-a510c49 elementor-section-full_width elementor-section-height-default elementor-section-height-default\" data-id=\"a510c49\" data-element_type=\"section\" data-settings=\"{&quot;ekit_has_onepagescroll_dot&quot;:&quot;yes&quot;}\">\n\t\t\t\t\t\t<div class=\"elementor-container elementor-column-gap-no\">\n\t\t\t\t\t<div class=\"elementor-column elementor-col-100 elementor-top-column elementor-element elementor-element-d40ccbc\" data-id=\"d40ccbc\" data-element_type=\"column\">\n\t\t\t<div class=\"elementor-widget-wrap\">\n\t\t\t\t\t\t\t<\/div>\n\t\t<\/div>\n\t\t\t\t\t<\/div>\n\t\t<\/section>\n\t\t\t\t<section class=\"elementor-section elementor-top-section elementor-element elementor-element-269291c elementor-section-full_width elementor-section-height-default elementor-section-height-default\" data-id=\"269291c\" data-element_type=\"section\" data-settings=\"{&quot;ekit_has_onepagescroll_dot&quot;:&quot;yes&quot;}\">\n\t\t\t\t\t\t<div class=\"elementor-container elementor-column-gap-no\">\n\t\t\t\t\t<div class=\"elementor-column elementor-col-100 elementor-top-column elementor-element elementor-element-96151eb\" data-id=\"96151eb\" data-element_type=\"column\">\n\t\t\t<div class=\"elementor-widget-wrap elementor-element-populated\">\n\t\t\t\t\t\t<div class=\"elementor-element elementor-element-9335b9b elementor-widget elementor-widget-video\" data-id=\"9335b9b\" data-element_type=\"widget\" data-settings=\"{&quot;youtube_url&quot;:&quot;https:\\\/\\\/youtu.be\\\/1k8vlNuSkKc&quot;,&quot;lazy_load&quot;:&quot;yes&quot;,&quot;video_type&quot;:&quot;youtube&quot;,&quot;controls&quot;:&quot;yes&quot;,&quot;ekit_we_effect_on&quot;:&quot;none&quot;}\" data-widget_type=\"video.default\">\n\t\t\t\t<div class=\"elementor-widget-container\">\n\t\t\t\t\t\t\t<div class=\"elementor-wrapper elementor-open-inline\">\n\t\t\t<div class=\"elementor-video\"><\/div>\t\t<\/div>\n\t\t\t\t\t\t<\/div>\n\t\t\t\t<\/div>\n\t\t\t\t\t<\/div>\n\t\t<\/div>\n\t\t\t\t\t<\/div>\n\t\t<\/section>\n\t\t\t\t<\/div>","protected":false},"excerpt":{"rendered":"<p>Descrizione La taglierina pomodori Mod. TPA 3 \u00e8 adatta per ottenere filetti di pomodoro da prodotto oblungo o due met\u00e0 da pomodoro tondo. La macchina \u00e8 costituita da: Elevatore di alimentazione con tramoggia di accumulo prodotto alla rinfusa 3 piste di allineamento del prodotto alla taglierina 3 dispositivi di taglio a 4 o 2 lame, [&hellip;]<\/p>","protected":false},"featured_media":5393,"comment_status":"open","ping_status":"closed","template":"","meta":[],"product_brand":[],"product_cat":[60],"product_tag":[158,157],"class_list":{"0":"post-5219","1":"product","2":"type-product","3":"status-publish","4":"has-post-thumbnail","6":"product_cat-macchine-pomodori","7":"product_tag-pomodoro-lungo","8":"product_tag-pomodoro-tondo","10":"first","11":"instock","12":"shipping-taxable","13":"product-type-simple"},"_links":{"self":[{"href":"https:\/\/www.ferraramacchine.com\/en\/wp-json\/wp\/v2\/product\/5219","targetHints":{"allow":["GET"]}}],"collection":[{"href":"https:\/\/www.ferraramacchine.com\/en\/wp-json\/wp\/v2\/product"}],"about":[{"href":"https:\/\/www.ferraramacchine.com\/en\/wp-json\/wp\/v2\/types\/product"}],"replies":[{"embeddable":true,"href":"https:\/\/www.ferraramacchine.com\/en\/wp-json\/wp\/v2\/comments?post=5219"}],"version-history":[{"count":11,"href":"https:\/\/www.ferraramacchine.com\/en\/wp-json\/wp\/v2\/product\/5219\/revisions"}],"predecessor-version":[{"id":5396,"href":"https:\/\/www.ferraramacchine.com\/en\/wp-json\/wp\/v2\/product\/5219\/revisions\/5396"}],"wp:featuredmedia":[{"embeddable":true,"href":"https:\/\/www.ferraramacchine.com\/en\/wp-json\/wp\/v2\/media\/5393"}],"wp:attachment":[{"href":"https:\/\/www.ferraramacchine.com\/en\/wp-json\/wp\/v2\/media?parent=5219"}],"wp:term":[{"taxonomy":"product_brand","embeddable":true,"href":"https:\/\/www.ferraramacchine.com\/en\/wp-json\/wp\/v2\/product_brand?post=5219"},{"taxonomy":"product_cat","embeddable":true,"href":"https:\/\/www.ferraramacchine.com\/en\/wp-json\/wp\/v2\/product_cat?post=5219"},{"taxonomy":"product_tag","embeddable":true,"href":"https:\/\/www.ferraramacchine.com\/en\/wp-json\/wp\/v2\/product_tag?post=5219"}],"curies":[{"name":"wp","href":"https:\/\/api.w.org\/{rel}","templated":true}]}}