{"id":4316,"date":"2023-07-04T16:03:37","date_gmt":"2023-07-04T14:03:37","guid":{"rendered":"https:\/\/www.ferraramacchine.com\/?post_type=product&#038;p=4316"},"modified":"2023-12-04T11:17:47","modified_gmt":"2023-12-04T09:17:47","slug":"pelatrice-fondi-di-carciofi-minimod-frp-6m","status":"publish","type":"product","link":"https:\/\/www.ferraramacchine.com\/es\/producto\/pelatrice-fondi-di-carciofi-minimod-frp-6m\/","title":{"rendered":"<h6>PELADORA DE DONDOS DE ALCACHOFAS MINI <\/h6>Mod. FRP 6M"},"content":{"rendered":"<div data-elementor-type=\"product-post\" data-elementor-id=\"4316\" class=\"elementor elementor-4316\" data-elementor-post-type=\"product\">\n\t\t\t\t\t\t<section class=\"elementor-section elementor-top-section elementor-element elementor-element-382a355 elementor-section-full_width elementor-section-height-default elementor-section-height-default\" data-id=\"382a355\" data-element_type=\"section\" data-settings=\"{&quot;ekit_has_onepagescroll_dot&quot;:&quot;yes&quot;}\">\n\t\t\t\t\t\t<div class=\"elementor-container elementor-column-gap-no\">\n\t\t\t\t\t<div class=\"elementor-column elementor-col-100 elementor-top-column elementor-element elementor-element-cc62ac4\" data-id=\"cc62ac4\" data-element_type=\"column\">\n\t\t\t<div class=\"elementor-widget-wrap elementor-element-populated\">\n\t\t\t\t\t\t<div class=\"elementor-element elementor-element-51b99fc elementor-widget elementor-widget-text-editor\" data-id=\"51b99fc\" data-element_type=\"widget\" data-settings=\"{&quot;ekit_we_effect_on&quot;:&quot;none&quot;}\" data-widget_type=\"text-editor.default\">\n\t\t\t\t<div class=\"elementor-widget-container\">\n\t\t\t\t\t\t\t\t\t<p><strong>Descripci\u00f3n<\/strong><\/p><p><span style=\"font-weight: 400;\">La peladora de alcachofas mini Mod. FRP 6M es adecuada para obtener fondos de alcachofas a partir de productos crudos de varios di\u00e1metros. Tipo alternativo, n. 6 mordazas de bloqueo del producto y n. 1 cuchilla volteadora. F\u00e1cil manejo, mantenimiento r\u00e1pido y econ\u00f3mico, m\u00e1quina compacta, ideal para empresas artesanales. <\/span><\/p>\t\t\t\t\t\t\t\t<\/div>\n\t\t\t\t<\/div>\n\t\t\t\t\t<\/div>\n\t\t<\/div>\n\t\t\t\t\t<\/div>\n\t\t<\/section>\n\t\t\t\t<section class=\"elementor-section elementor-top-section elementor-element elementor-element-a510c49 elementor-section-full_width elementor-section-height-default elementor-section-height-default\" data-id=\"a510c49\" data-element_type=\"section\" data-settings=\"{&quot;ekit_has_onepagescroll_dot&quot;:&quot;yes&quot;}\">\n\t\t\t\t\t\t<div class=\"elementor-container elementor-column-gap-no\">\n\t\t\t\t\t<div class=\"elementor-column elementor-col-100 elementor-top-column elementor-element elementor-element-d40ccbc\" data-id=\"d40ccbc\" data-element_type=\"column\">\n\t\t\t<div class=\"elementor-widget-wrap\">\n\t\t\t\t\t\t\t<\/div>\n\t\t<\/div>\n\t\t\t\t\t<\/div>\n\t\t<\/section>\n\t\t\t\t<section class=\"elementor-section elementor-top-section elementor-element elementor-element-269291c elementor-section-full_width elementor-section-height-default elementor-section-height-default\" data-id=\"269291c\" data-element_type=\"section\" data-settings=\"{&quot;ekit_has_onepagescroll_dot&quot;:&quot;yes&quot;}\">\n\t\t\t\t\t\t<div class=\"elementor-container elementor-column-gap-no\">\n\t\t\t\t\t<div class=\"elementor-column elementor-col-100 elementor-top-column elementor-element elementor-element-96151eb\" data-id=\"96151eb\" data-element_type=\"column\">\n\t\t\t<div class=\"elementor-widget-wrap\">\n\t\t\t\t\t\t\t<\/div>\n\t\t<\/div>\n\t\t\t\t\t<\/div>\n\t\t<\/section>\n\t\t\t\t<\/div>","protected":false},"excerpt":{"rendered":"<p>Descrizione La Pelatrice carciofi mini Mod. FRP 6M \u00e8 adatta per ottenere fondi di carciofi da prodotto grezzo di vario diametro. Tipo con movimento alternato, n. 6 morse di bloccaggio prodotto e n. 1 coltello di tornitura.Facile gestione, manutenzione veloce e a basso costo, macchina compatta, ideale per aziende artigianali. Caratteristiche principali Dati tecnici Chiusura [&hellip;]<\/p>","protected":false},"featured_media":4317,"comment_status":"open","ping_status":"closed","template":"","meta":[],"product_brand":[],"product_cat":[29],"product_tag":[86],"class_list":{"0":"post-4316","1":"product","2":"type-product","3":"status-publish","4":"has-post-thumbnail","6":"product_cat-macchine-carciofi","7":"product_tag-fondi-carciofi","9":"first","10":"instock","11":"shipping-taxable","12":"product-type-simple"},"_links":{"self":[{"href":"https:\/\/www.ferraramacchine.com\/es\/wp-json\/wp\/v2\/product\/4316","targetHints":{"allow":["GET"]}}],"collection":[{"href":"https:\/\/www.ferraramacchine.com\/es\/wp-json\/wp\/v2\/product"}],"about":[{"href":"https:\/\/www.ferraramacchine.com\/es\/wp-json\/wp\/v2\/types\/product"}],"replies":[{"embeddable":true,"href":"https:\/\/www.ferraramacchine.com\/es\/wp-json\/wp\/v2\/comments?post=4316"}],"version-history":[{"count":10,"href":"https:\/\/www.ferraramacchine.com\/es\/wp-json\/wp\/v2\/product\/4316\/revisions"}],"predecessor-version":[{"id":5154,"href":"https:\/\/www.ferraramacchine.com\/es\/wp-json\/wp\/v2\/product\/4316\/revisions\/5154"}],"wp:featuredmedia":[{"embeddable":true,"href":"https:\/\/www.ferraramacchine.com\/es\/wp-json\/wp\/v2\/media\/4317"}],"wp:attachment":[{"href":"https:\/\/www.ferraramacchine.com\/es\/wp-json\/wp\/v2\/media?parent=4316"}],"wp:term":[{"taxonomy":"product_brand","embeddable":true,"href":"https:\/\/www.ferraramacchine.com\/es\/wp-json\/wp\/v2\/product_brand?post=4316"},{"taxonomy":"product_cat","embeddable":true,"href":"https:\/\/www.ferraramacchine.com\/es\/wp-json\/wp\/v2\/product_cat?post=4316"},{"taxonomy":"product_tag","embeddable":true,"href":"https:\/\/www.ferraramacchine.com\/es\/wp-json\/wp\/v2\/product_tag?post=4316"}],"curies":[{"name":"wp","href":"https:\/\/api.w.org\/{rel}","templated":true}]}}