{"id":4373,"date":"2023-07-04T18:21:40","date_gmt":"2023-07-04T16:21:40","guid":{"rendered":"https:\/\/www.ferraramacchine.com\/?post_type=product&#038;p=4373"},"modified":"2023-12-04T12:12:46","modified_gmt":"2023-12-04T10:12:46","slug":"linea-carciofi-iv-gamma","status":"publish","type":"product","link":"https:\/\/www.ferraramacchine.com\/es\/producto\/linea-carciofi-iv-gamma\/","title":{"rendered":"<h6>LINEA DE PROCESO ALCACHOFAS EN FRESCO<\/h6>"},"content":{"rendered":"<div data-elementor-type=\"product-post\" data-elementor-id=\"4373\" class=\"elementor elementor-4373\" data-elementor-post-type=\"product\">\n\t\t\t\t\t\t<section class=\"elementor-section elementor-top-section elementor-element elementor-element-382a355 elementor-section-full_width elementor-section-height-default elementor-section-height-default\" data-id=\"382a355\" data-element_type=\"section\" data-settings=\"{&quot;ekit_has_onepagescroll_dot&quot;:&quot;yes&quot;}\">\n\t\t\t\t\t\t<div class=\"elementor-container elementor-column-gap-no\">\n\t\t\t\t\t<div class=\"elementor-column elementor-col-100 elementor-top-column elementor-element elementor-element-cc62ac4\" data-id=\"cc62ac4\" data-element_type=\"column\">\n\t\t\t<div class=\"elementor-widget-wrap elementor-element-populated\">\n\t\t\t\t\t\t<div class=\"elementor-element elementor-element-51b99fc elementor-widget elementor-widget-text-editor\" data-id=\"51b99fc\" data-element_type=\"widget\" data-settings=\"{&quot;ekit_we_effect_on&quot;:&quot;none&quot;}\" data-widget_type=\"text-editor.default\">\n\t\t\t\t<div class=\"elementor-widget-container\">\n\t\t\t\t\t\t\t\t\t<p><strong>Descripci\u00f3n<\/strong><\/p><p>La l\u00ednea de proceso de alcachofas en fresco generalmente est\u00e1 compuesta por:<\/p><ul><li>Maquinaria para cortar el rabo y la punta de alcachofas con sistema de preparaci\u00f3n de agua y \u00e1cido c\u00edtrico para ser entregada directamente en los puntos de corte del producto;<\/li><li>Elevador de alimentaci\u00f3n del producto a la cortadora;<\/li><li>Cintur\u00f3n motorizado para control y clasificaci\u00f3n del producto y embalaje de las bandejas (1\u00ba nivel) y transporte hasta la filmadora (2\u00ba nivel);<\/li><li>Cintur\u00f3n transportador que recoge los residuos de procesamiento tanto de la cortadora como de lo cintur\u00f3n de clasificaci\u00f3n;<\/li><li>Elevador de cuello de cisne que transporta los residuos de procesamiento fuera de la f\u00e1brica directamente a un cami\u00f3n o, m\u00e1s simplemente, a un contenedor dentro de la f\u00e1brica para su manipulaci\u00f3n con una transpaleta.<\/li><\/ul>\t\t\t\t\t\t\t\t<\/div>\n\t\t\t\t<\/div>\n\t\t\t\t\t<\/div>\n\t\t<\/div>\n\t\t\t\t\t<\/div>\n\t\t<\/section>\n\t\t\t\t<section class=\"elementor-section elementor-top-section elementor-element elementor-element-a510c49 elementor-section-full_width elementor-section-height-default elementor-section-height-default\" data-id=\"a510c49\" data-element_type=\"section\" data-settings=\"{&quot;ekit_has_onepagescroll_dot&quot;:&quot;yes&quot;}\">\n\t\t\t\t\t\t<div class=\"elementor-container elementor-column-gap-no\">\n\t\t\t\t\t<div class=\"elementor-column elementor-col-100 elementor-top-column elementor-element elementor-element-d40ccbc\" data-id=\"d40ccbc\" data-element_type=\"column\">\n\t\t\t<div class=\"elementor-widget-wrap\">\n\t\t\t\t\t\t\t<\/div>\n\t\t<\/div>\n\t\t\t\t\t<\/div>\n\t\t<\/section>\n\t\t\t\t<section class=\"elementor-section elementor-top-section elementor-element elementor-element-269291c elementor-section-full_width elementor-section-height-default elementor-section-height-default\" data-id=\"269291c\" data-element_type=\"section\" data-settings=\"{&quot;ekit_has_onepagescroll_dot&quot;:&quot;yes&quot;}\">\n\t\t\t\t\t\t<div class=\"elementor-container elementor-column-gap-no\">\n\t\t\t\t\t<div class=\"elementor-column elementor-col-100 elementor-top-column elementor-element elementor-element-96151eb\" data-id=\"96151eb\" data-element_type=\"column\">\n\t\t\t<div class=\"elementor-widget-wrap elementor-element-populated\">\n\t\t\t\t\t\t<div class=\"elementor-element elementor-element-3734591 elementor-widget elementor-widget-video\" data-id=\"3734591\" data-element_type=\"widget\" data-settings=\"{&quot;youtube_url&quot;:&quot;https:\\\/\\\/youtu.be\\\/u3o0x845iL0?list=TLGGC0OS4UeWT3QwNDA3MjAyMw&quot;,&quot;yt_privacy&quot;:&quot;yes&quot;,&quot;video_type&quot;:&quot;youtube&quot;,&quot;controls&quot;:&quot;yes&quot;,&quot;ekit_we_effect_on&quot;:&quot;none&quot;}\" data-widget_type=\"video.default\">\n\t\t\t\t<div class=\"elementor-widget-container\">\n\t\t\t\t\t\t\t<div class=\"elementor-wrapper elementor-open-inline\">\n\t\t\t<div class=\"elementor-video\"><\/div>\t\t<\/div>\n\t\t\t\t\t\t<\/div>\n\t\t\t\t<\/div>\n\t\t\t\t\t<\/div>\n\t\t<\/div>\n\t\t\t\t\t<\/div>\n\t\t<\/section>\n\t\t\t\t<\/div>","protected":false},"excerpt":{"rendered":"<p>Descrizione La linea per la lavorazione carciofi in IV gamma \u00e8 generalmente composta da: Macchina per il taglio del gambo e della punta dei carciofi completa dell\u2019impianto di preparazione acqua e acido citrico da erogare direttamente sui punti di taglio del prodotto; Elevatore di alimentazione prodotto alla taglierina; Nastro motorizzato per il controllo e la [&hellip;]<\/p>","protected":false},"featured_media":4378,"comment_status":"open","ping_status":"closed","template":"","meta":[],"product_brand":[],"product_cat":[29],"product_tag":[109],"class_list":{"0":"post-4373","1":"product","2":"type-product","3":"status-publish","4":"has-post-thumbnail","6":"product_cat-macchine-carciofi","7":"product_tag-linea-carciofi-4-gamma","9":"first","10":"instock","11":"shipping-taxable","12":"product-type-simple"},"_links":{"self":[{"href":"https:\/\/www.ferraramacchine.com\/es\/wp-json\/wp\/v2\/product\/4373","targetHints":{"allow":["GET"]}}],"collection":[{"href":"https:\/\/www.ferraramacchine.com\/es\/wp-json\/wp\/v2\/product"}],"about":[{"href":"https:\/\/www.ferraramacchine.com\/es\/wp-json\/wp\/v2\/types\/product"}],"replies":[{"embeddable":true,"href":"https:\/\/www.ferraramacchine.com\/es\/wp-json\/wp\/v2\/comments?post=4373"}],"version-history":[{"count":9,"href":"https:\/\/www.ferraramacchine.com\/es\/wp-json\/wp\/v2\/product\/4373\/revisions"}],"predecessor-version":[{"id":5158,"href":"https:\/\/www.ferraramacchine.com\/es\/wp-json\/wp\/v2\/product\/4373\/revisions\/5158"}],"wp:featuredmedia":[{"embeddable":true,"href":"https:\/\/www.ferraramacchine.com\/es\/wp-json\/wp\/v2\/media\/4378"}],"wp:attachment":[{"href":"https:\/\/www.ferraramacchine.com\/es\/wp-json\/wp\/v2\/media?parent=4373"}],"wp:term":[{"taxonomy":"product_brand","embeddable":true,"href":"https:\/\/www.ferraramacchine.com\/es\/wp-json\/wp\/v2\/product_brand?post=4373"},{"taxonomy":"product_cat","embeddable":true,"href":"https:\/\/www.ferraramacchine.com\/es\/wp-json\/wp\/v2\/product_cat?post=4373"},{"taxonomy":"product_tag","embeddable":true,"href":"https:\/\/www.ferraramacchine.com\/es\/wp-json\/wp\/v2\/product_tag?post=4373"}],"curies":[{"name":"wp","href":"https:\/\/api.w.org\/{rel}","templated":true}]}}