{"id":4386,"date":"2023-07-05T09:23:38","date_gmt":"2023-07-05T07:23:38","guid":{"rendered":"https:\/\/www.ferraramacchine.com\/?post_type=product&#038;p=4386"},"modified":"2023-12-04T12:49:19","modified_gmt":"2023-12-04T10:49:19","slug":"calibratrice-carciofi-mod-cl-6-5-cl-6-9","status":"publish","type":"product","link":"https:\/\/www.ferraramacchine.com\/es\/producto\/calibratrice-carciofi-mod-cl-6-5-cl-6-9\/","title":{"rendered":"<h6>CALIBRADORA DE ALCACHOFAS<\/h6> Mod. CL 6\/5 &#8211; CL 6\/9"},"content":{"rendered":"<div data-elementor-type=\"product-post\" data-elementor-id=\"4386\" class=\"elementor elementor-4386\" data-elementor-post-type=\"product\">\n\t\t\t\t\t\t<section class=\"elementor-section elementor-top-section elementor-element elementor-element-382a355 elementor-section-full_width elementor-section-height-default elementor-section-height-default\" data-id=\"382a355\" data-element_type=\"section\" data-settings=\"{&quot;ekit_has_onepagescroll_dot&quot;:&quot;yes&quot;}\">\n\t\t\t\t\t\t<div class=\"elementor-container elementor-column-gap-no\">\n\t\t\t\t\t<div class=\"elementor-column elementor-col-100 elementor-top-column elementor-element elementor-element-cc62ac4\" data-id=\"cc62ac4\" data-element_type=\"column\">\n\t\t\t<div class=\"elementor-widget-wrap elementor-element-populated\">\n\t\t\t\t\t\t<div class=\"elementor-element elementor-element-51b99fc elementor-widget elementor-widget-text-editor\" data-id=\"51b99fc\" data-element_type=\"widget\" data-settings=\"{&quot;ekit_we_effect_on&quot;:&quot;none&quot;}\" data-widget_type=\"text-editor.default\">\n\t\t\t\t<div class=\"elementor-widget-container\">\n\t\t\t\t\t\t\t\t\t<p><strong>Descripci\u00f3n<\/strong><\/p><p><span style=\"font-weight: 400;\">La calibradora de alcachofas Mod. CL 6\/5 \u2013 CL 6\/9 es adecuada para seleccionar alcachofas con y sin rabo seg\u00fan el di\u00e1metro. Selecci\u00f3n perfecta, mantenimiento casi nulo, 6 pistas de avance de producto, 5\/9 salidas seg\u00fan el n\u00famero de calibres a obtener.<\/span><\/p><p>Tipo de rodillos divergentes, prev\u00e9 la salida inicial de los calibres peque\u00f1os seguidos de los de mayor tama\u00f1o.<\/p><p>Durante la ca\u00edda, el producto fluye sobre cintur\u00f3n motorizado y luego es transportado a cajas ubicadas a la salida.<\/p>\t\t\t\t\t\t\t\t<\/div>\n\t\t\t\t<\/div>\n\t\t\t\t\t<\/div>\n\t\t<\/div>\n\t\t\t\t\t<\/div>\n\t\t<\/section>\n\t\t\t\t<section class=\"elementor-section elementor-top-section elementor-element elementor-element-a510c49 elementor-section-full_width elementor-section-height-default elementor-section-height-default\" data-id=\"a510c49\" data-element_type=\"section\" data-settings=\"{&quot;ekit_has_onepagescroll_dot&quot;:&quot;yes&quot;}\">\n\t\t\t\t\t\t<div class=\"elementor-container elementor-column-gap-no\">\n\t\t\t\t\t<div class=\"elementor-column elementor-col-100 elementor-top-column elementor-element elementor-element-d40ccbc\" data-id=\"d40ccbc\" data-element_type=\"column\">\n\t\t\t<div class=\"elementor-widget-wrap\">\n\t\t\t\t\t\t\t<\/div>\n\t\t<\/div>\n\t\t\t\t\t<\/div>\n\t\t<\/section>\n\t\t\t\t<section class=\"elementor-section elementor-top-section elementor-element elementor-element-269291c elementor-section-full_width elementor-section-height-default elementor-section-height-default\" data-id=\"269291c\" data-element_type=\"section\" data-settings=\"{&quot;ekit_has_onepagescroll_dot&quot;:&quot;yes&quot;}\">\n\t\t\t\t\t\t<div class=\"elementor-container elementor-column-gap-no\">\n\t\t\t\t\t<div class=\"elementor-column elementor-col-100 elementor-top-column elementor-element elementor-element-96151eb\" data-id=\"96151eb\" data-element_type=\"column\">\n\t\t\t<div class=\"elementor-widget-wrap elementor-element-populated\">\n\t\t\t\t\t\t<div class=\"elementor-element elementor-element-3734591 elementor-widget elementor-widget-video\" data-id=\"3734591\" data-element_type=\"widget\" data-settings=\"{&quot;youtube_url&quot;:&quot;https:\\\/\\\/www.youtube.com\\\/watch?v=6ui-HcWDOe0&quot;,&quot;yt_privacy&quot;:&quot;yes&quot;,&quot;video_type&quot;:&quot;youtube&quot;,&quot;controls&quot;:&quot;yes&quot;,&quot;ekit_we_effect_on&quot;:&quot;none&quot;}\" data-widget_type=\"video.default\">\n\t\t\t\t<div class=\"elementor-widget-container\">\n\t\t\t\t\t\t\t<div class=\"elementor-wrapper elementor-open-inline\">\n\t\t\t<div class=\"elementor-video\"><\/div>\t\t<\/div>\n\t\t\t\t\t\t<\/div>\n\t\t\t\t<\/div>\n\t\t\t\t\t<\/div>\n\t\t<\/div>\n\t\t\t\t\t<\/div>\n\t\t<\/section>\n\t\t\t\t<\/div>","protected":false},"excerpt":{"rendered":"<p>Descrizione La calibratrice carciofi Mod. CL 6\/5 &#8211; CL 6\/9 \u00e8 adatta per la selezione di carciofi con e senza gambo a seconda del diametro. Selezione perfetta, manutenzione quasi nulla, 6 piste avanzamento prodotto, 5\/9 uscite a secondo del numero di calibri da ottenere. Tipo a rulli divergenti, prevede l\u2019uscita iniziale dei calibri piccoli ed [&hellip;]<\/p>","protected":false},"featured_media":4387,"comment_status":"open","ping_status":"closed","template":"","meta":[],"product_brand":[],"product_cat":[29],"product_tag":[250],"class_list":{"0":"post-4386","1":"product","2":"type-product","3":"status-publish","4":"has-post-thumbnail","6":"product_cat-macchine-carciofi","7":"product_tag-calibratrice-cl","9":"first","10":"instock","11":"shipping-taxable","12":"product-type-simple"},"_links":{"self":[{"href":"https:\/\/www.ferraramacchine.com\/es\/wp-json\/wp\/v2\/product\/4386","targetHints":{"allow":["GET"]}}],"collection":[{"href":"https:\/\/www.ferraramacchine.com\/es\/wp-json\/wp\/v2\/product"}],"about":[{"href":"https:\/\/www.ferraramacchine.com\/es\/wp-json\/wp\/v2\/types\/product"}],"replies":[{"embeddable":true,"href":"https:\/\/www.ferraramacchine.com\/es\/wp-json\/wp\/v2\/comments?post=4386"}],"version-history":[{"count":22,"href":"https:\/\/www.ferraramacchine.com\/es\/wp-json\/wp\/v2\/product\/4386\/revisions"}],"predecessor-version":[{"id":5164,"href":"https:\/\/www.ferraramacchine.com\/es\/wp-json\/wp\/v2\/product\/4386\/revisions\/5164"}],"wp:featuredmedia":[{"embeddable":true,"href":"https:\/\/www.ferraramacchine.com\/es\/wp-json\/wp\/v2\/media\/4387"}],"wp:attachment":[{"href":"https:\/\/www.ferraramacchine.com\/es\/wp-json\/wp\/v2\/media?parent=4386"}],"wp:term":[{"taxonomy":"product_brand","embeddable":true,"href":"https:\/\/www.ferraramacchine.com\/es\/wp-json\/wp\/v2\/product_brand?post=4386"},{"taxonomy":"product_cat","embeddable":true,"href":"https:\/\/www.ferraramacchine.com\/es\/wp-json\/wp\/v2\/product_cat?post=4386"},{"taxonomy":"product_tag","embeddable":true,"href":"https:\/\/www.ferraramacchine.com\/es\/wp-json\/wp\/v2\/product_tag?post=4386"}],"curies":[{"name":"wp","href":"https:\/\/api.w.org\/{rel}","templated":true}]}}