{"id":4613,"date":"2023-07-06T11:39:27","date_gmt":"2023-07-06T09:39:27","guid":{"rendered":"https:\/\/www.ferraramacchine.com\/?post_type=product&#038;p=4613"},"modified":"2023-12-18T10:00:36","modified_gmt":"2023-12-18T08:00:36","slug":"riempitrice-pesatrice-fusti-mod-rpf","status":"publish","type":"product","link":"https:\/\/www.ferraramacchine.com\/es\/producto\/riempitrice-pesatrice-fusti-mod-rpf\/","title":{"rendered":"<h6>EQUIPO DE LAVADO Y PESADA DE ACEITUNAS<\/h6> Mod. RPF"},"content":{"rendered":"<div data-elementor-type=\"product-post\" data-elementor-id=\"4613\" class=\"elementor elementor-4613\" data-elementor-post-type=\"product\">\n\t\t\t\t\t\t<section class=\"elementor-section elementor-top-section elementor-element elementor-element-382a355 elementor-section-full_width elementor-section-height-default elementor-section-height-default\" data-id=\"382a355\" data-element_type=\"section\" data-settings=\"{&quot;ekit_has_onepagescroll_dot&quot;:&quot;yes&quot;}\">\n\t\t\t\t\t\t<div class=\"elementor-container elementor-column-gap-no\">\n\t\t\t\t\t<div class=\"elementor-column elementor-col-100 elementor-top-column elementor-element elementor-element-cc62ac4\" data-id=\"cc62ac4\" data-element_type=\"column\">\n\t\t\t<div class=\"elementor-widget-wrap elementor-element-populated\">\n\t\t\t\t\t\t<div class=\"elementor-element elementor-element-51b99fc elementor-widget elementor-widget-text-editor\" data-id=\"51b99fc\" data-element_type=\"widget\" data-settings=\"{&quot;ekit_we_effect_on&quot;:&quot;none&quot;}\" data-widget_type=\"text-editor.default\">\n\t\t\t\t<div class=\"elementor-widget-container\">\n\t\t\t\t\t\t\t\t\t<p><strong>Descripci\u00f3n<\/strong><\/p><p>Equipo de lavado y pesada de aceitunas RPF es adecuado para llenar y pesar bidones con diversas verduras.<br \/>La maquinaria es completa de:<\/p><ul><li>Tolva para alimentaci\u00f3n de producto a trav\u00e9s de tolvas<\/li><li>Elevador de alimentaci\u00f3n con doble cintur\u00f3n modular de diferente ancho y velocidad para obtener un perfecto llenado del bid\u00f3n con el peso exacto requerido<\/li><li>Transportador de rodillos de 2000 mm de longitud con sistema de pesaje electr\u00f3nico con tolerancia de 200 g operado por PLC<\/li><\/ul>\t\t\t\t\t\t\t\t<\/div>\n\t\t\t\t<\/div>\n\t\t\t\t\t<\/div>\n\t\t<\/div>\n\t\t\t\t\t<\/div>\n\t\t<\/section>\n\t\t\t\t<section class=\"elementor-section elementor-top-section elementor-element elementor-element-a510c49 elementor-section-full_width elementor-section-height-default elementor-section-height-default\" data-id=\"a510c49\" data-element_type=\"section\" data-settings=\"{&quot;ekit_has_onepagescroll_dot&quot;:&quot;yes&quot;}\">\n\t\t\t\t\t\t<div class=\"elementor-container elementor-column-gap-no\">\n\t\t\t\t\t<div class=\"elementor-column elementor-col-100 elementor-top-column elementor-element elementor-element-d40ccbc\" data-id=\"d40ccbc\" data-element_type=\"column\">\n\t\t\t<div class=\"elementor-widget-wrap\">\n\t\t\t\t\t\t\t<\/div>\n\t\t<\/div>\n\t\t\t\t\t<\/div>\n\t\t<\/section>\n\t\t\t\t<section class=\"elementor-section elementor-top-section elementor-element elementor-element-269291c elementor-section-full_width elementor-section-height-default elementor-section-height-default\" data-id=\"269291c\" data-element_type=\"section\" data-settings=\"{&quot;ekit_has_onepagescroll_dot&quot;:&quot;yes&quot;}\">\n\t\t\t\t\t\t<div class=\"elementor-container elementor-column-gap-no\">\n\t\t\t\t\t<div class=\"elementor-column elementor-col-100 elementor-top-column elementor-element elementor-element-96151eb\" data-id=\"96151eb\" data-element_type=\"column\">\n\t\t\t<div class=\"elementor-widget-wrap elementor-element-populated\">\n\t\t\t\t\t\t<div class=\"elementor-element elementor-element-9335b9b elementor-widget elementor-widget-video\" data-id=\"9335b9b\" data-element_type=\"widget\" data-settings=\"{&quot;youtube_url&quot;:&quot;https:\\\/\\\/youtu.be\\\/ldAkPdvRNZs?list=TLGGZclsqdgMPL4wNjA3MjAyMw&quot;,&quot;lazy_load&quot;:&quot;yes&quot;,&quot;video_type&quot;:&quot;youtube&quot;,&quot;controls&quot;:&quot;yes&quot;,&quot;ekit_we_effect_on&quot;:&quot;none&quot;}\" data-widget_type=\"video.default\">\n\t\t\t\t<div class=\"elementor-widget-container\">\n\t\t\t\t\t\t\t<div class=\"elementor-wrapper elementor-open-inline\">\n\t\t\t<div class=\"elementor-video\"><\/div>\t\t<\/div>\n\t\t\t\t\t\t<\/div>\n\t\t\t\t<\/div>\n\t\t\t\t\t<\/div>\n\t\t<\/div>\n\t\t\t\t\t<\/div>\n\t\t<\/section>\n\t\t\t\t<\/div>","protected":false},"excerpt":{"rendered":"<p>Descrizione La Riempitrice fusti mod. RPF \u00e8 idonea per il riempimento e la pesatura dei fusti con vegetali vari.La macchina \u00e8 completa di: Tramoggia per alimentazione prodotto mediante bins Elevatore di alimentazione con doppio nastro modulare con differente larghezza e velocit\u00e0 per ottenere una perfetta colmatura del fusto all\u2019esatto peso richiesto. Rulliera lunghezza 2000 mm [&hellip;]<\/p>","protected":false},"featured_media":4614,"comment_status":"open","ping_status":"closed","template":"","meta":[],"product_brand":[],"product_cat":[61],"product_tag":[],"class_list":{"0":"post-4613","1":"product","2":"type-product","3":"status-publish","4":"has-post-thumbnail","6":"product_cat-macchine-vegetali","8":"first","9":"instock","10":"shipping-taxable","11":"product-type-simple"},"_links":{"self":[{"href":"https:\/\/www.ferraramacchine.com\/es\/wp-json\/wp\/v2\/product\/4613","targetHints":{"allow":["GET"]}}],"collection":[{"href":"https:\/\/www.ferraramacchine.com\/es\/wp-json\/wp\/v2\/product"}],"about":[{"href":"https:\/\/www.ferraramacchine.com\/es\/wp-json\/wp\/v2\/types\/product"}],"replies":[{"embeddable":true,"href":"https:\/\/www.ferraramacchine.com\/es\/wp-json\/wp\/v2\/comments?post=4613"}],"version-history":[{"count":16,"href":"https:\/\/www.ferraramacchine.com\/es\/wp-json\/wp\/v2\/product\/4613\/revisions"}],"predecessor-version":[{"id":5213,"href":"https:\/\/www.ferraramacchine.com\/es\/wp-json\/wp\/v2\/product\/4613\/revisions\/5213"}],"wp:featuredmedia":[{"embeddable":true,"href":"https:\/\/www.ferraramacchine.com\/es\/wp-json\/wp\/v2\/media\/4614"}],"wp:attachment":[{"href":"https:\/\/www.ferraramacchine.com\/es\/wp-json\/wp\/v2\/media?parent=4613"}],"wp:term":[{"taxonomy":"product_brand","embeddable":true,"href":"https:\/\/www.ferraramacchine.com\/es\/wp-json\/wp\/v2\/product_brand?post=4613"},{"taxonomy":"product_cat","embeddable":true,"href":"https:\/\/www.ferraramacchine.com\/es\/wp-json\/wp\/v2\/product_cat?post=4613"},{"taxonomy":"product_tag","embeddable":true,"href":"https:\/\/www.ferraramacchine.com\/es\/wp-json\/wp\/v2\/product_tag?post=4613"}],"curies":[{"name":"wp","href":"https:\/\/api.w.org\/{rel}","templated":true}]}}